{"id":2220,"date":"2020-01-24T08:31:50","date_gmt":"2020-01-24T08:31:50","guid":{"rendered":"https:\/\/xn--katholischekitasinkni-zec.live-website.com\/?page_id=2220"},"modified":"2022-12-28T11:29:36","modified_gmt":"2022-12-28T11:29:36","slug":"karrieremoeglichkeiten","status":"publish","type":"page","link":"https:\/\/kath-kitas-koenigsbrunn.de\/en\/karrieremoeglichkeiten","title":{"rendered":"Career Opportunities"},"content":{"rendered":"<div data-elementor-type=\"wp-page\" data-elementor-id=\"2220\" class=\"elementor elementor-2220\" data-elementor-post-type=\"page\">\n\t\t\t\t\t\t<section class=\"elementor-section elementor-top-section elementor-element elementor-element-0016502 elementor-section-boxed elementor-section-height-default elementor-section-height-default\" data-id=\"0016502\" data-element_type=\"section\" data-e-type=\"section\">\n\t\t\t\t\t\t<div class=\"elementor-container elementor-column-gap-default\">\n\t\t\t\t\t<div class=\"elementor-column elementor-col-100 elementor-top-column elementor-element elementor-element-1b3144d\" data-id=\"1b3144d\" data-element_type=\"column\" data-e-type=\"column\">\n\t\t\t<div class=\"elementor-widget-wrap elementor-element-populated\">\n\t\t\t\t\t\t<div class=\"elementor-element elementor-element-498010b elementor-widget elementor-widget-heading\" data-id=\"498010b\" data-element_type=\"widget\" data-e-type=\"widget\" data-widget_type=\"heading.default\">\n\t\t\t\t<div class=\"elementor-widget-container\">\n\t\t\t\t\t<h2 class=\"elementor-heading-title elementor-size-default\">Ihre Karriere bei der Kirchenstiftung St. Ulrich<\/h2>\t\t\t\t<\/div>\n\t\t\t\t<\/div>\n\t\t\t\t\t<\/div>\n\t\t<\/div>\n\t\t\t\t\t<\/div>\n\t\t<\/section>\n\t\t\t\t<section class=\"elementor-section elementor-top-section elementor-element elementor-element-a695a4d elementor-section-boxed elementor-section-height-default elementor-section-height-default\" data-id=\"a695a4d\" data-element_type=\"section\" data-e-type=\"section\">\n\t\t\t\t\t\t<div class=\"elementor-container elementor-column-gap-default\">\n\t\t\t\t\t<div class=\"elementor-column elementor-col-100 elementor-top-column elementor-element elementor-element-af3a6dd\" data-id=\"af3a6dd\" data-element_type=\"column\" data-e-type=\"column\">\n\t\t\t<div class=\"elementor-widget-wrap elementor-element-populated\">\n\t\t\t\t\t\t<div class=\"elementor-element elementor-element-ba07d17 elementor-widget elementor-widget-text-editor\" data-id=\"ba07d17\" data-element_type=\"widget\" data-e-type=\"widget\" data-widget_type=\"text-editor.default\">\n\t\t\t\t<div class=\"elementor-widget-container\">\n\t\t\t\t\t\t\t\t\t<p>Die Kirchenstiftung St. Ulrich in K\u00f6nigsbrunn ist Tr\u00e4ger von f\u00fcnf Kindertageseinrichtungen. Als gro\u00dfer Tr\u00e4ger bieten wir vielf\u00e4ltige Berufschancen, da wir Einrichtungen mit ganz unterschiedlichen Profilen betreiben.<\/p><p>Wir verbinden die Sicherheit eines tarifgebundenen Arbeitsplatzes mit einer pers\u00f6nlichen Betreuung unserer MitarbeiterInnen vor Ort.<\/p><p>Als KinderpflegerIn (m\/w\/d), ErzieherIn (m\/w\/d) oder HeilerziehungspflegerIn (m\/w\/d) bewerben Sie sich initiativ oder auf eine konkrete Stelle \u00fcber das Stellenportal des KiTA-Zentrums St. Simpert unter <a href=\"https:\/\/kita-zentrum-simpert.de\/paedagogik\">KiTA-Zentrum St. Simpert: P\u00e4dagogisches Kita-Personal (kita-zentrum-simpert.de)<\/a> oder Sie melden sich bei der jeweiligen Einrichtungsleitung per Telefon oder E-mail.<\/p><p>Ein ganz gro\u00dfes Anliegen ist uns die F\u00f6rderung des Nachwuchses. Wir bieten qualifizierte Ausbildungsstellen f\u00fcr KinderpflegepraktikantInnen, SEJ-PraktikantInnen oder BerufspraktikantInnen (ab 2023\/2024). Melden Sie sich bei uns, wir geben Ihnen gerne Starthilfe!<\/p><p>\u00a0<\/p>\t\t\t\t\t\t\t\t<\/div>\n\t\t\t\t<\/div>\n\t\t\t\t\t<\/div>\n\t\t<\/div>\n\t\t\t\t\t<\/div>\n\t\t<\/section>\n\t\t\t\t<section class=\"elementor-section elementor-top-section elementor-element elementor-element-ef51284 elementor-section-boxed elementor-section-height-default elementor-section-height-default\" data-id=\"ef51284\" data-element_type=\"section\" data-e-type=\"section\">\n\t\t\t\t\t\t<div class=\"elementor-container elementor-column-gap-default\">\n\t\t\t\t\t<div class=\"elementor-column elementor-col-100 elementor-top-column elementor-element elementor-element-9c4666d\" data-id=\"9c4666d\" data-element_type=\"column\" data-e-type=\"column\">\n\t\t\t<div class=\"elementor-widget-wrap elementor-element-populated\">\n\t\t\t\t\t\t<div class=\"elementor-element elementor-element-c1996e2 elementor-widget elementor-widget-image\" data-id=\"c1996e2\" data-element_type=\"widget\" data-e-type=\"widget\" data-widget_type=\"image.default\">\n\t\t\t\t<div class=\"elementor-widget-container\">\n\t\t\t\t\t\t\t\t\t\t\t\t\t\t\t<img fetchpriority=\"high\" decoding=\"async\" width=\"768\" height=\"576\" src=\"https:\/\/kath-kitas-koenigsbrunn.de\/wp-content\/uploads\/2020\/01\/IMG_5114-768x576.jpg\" class=\"attachment-medium_large size-medium_large wp-image-2094\" alt=\"\" srcset=\"https:\/\/kath-kitas-koenigsbrunn.de\/wp-content\/uploads\/2020\/01\/IMG_5114-768x576.jpg 768w, https:\/\/kath-kitas-koenigsbrunn.de\/wp-content\/uploads\/2020\/01\/IMG_5114-300x225.jpg 300w, https:\/\/kath-kitas-koenigsbrunn.de\/wp-content\/uploads\/2020\/01\/IMG_5114-1024x768.jpg 1024w, https:\/\/kath-kitas-koenigsbrunn.de\/wp-content\/uploads\/2020\/01\/IMG_5114-1536x1152.jpg 1536w, https:\/\/kath-kitas-koenigsbrunn.de\/wp-content\/uploads\/2020\/01\/IMG_5114-2048x1536.jpg 2048w, https:\/\/kath-kitas-koenigsbrunn.de\/wp-content\/uploads\/2020\/01\/IMG_5114-830x623.jpg 830w, https:\/\/kath-kitas-koenigsbrunn.de\/wp-content\/uploads\/2020\/01\/IMG_5114-230x173.jpg 230w, https:\/\/kath-kitas-koenigsbrunn.de\/wp-content\/uploads\/2020\/01\/IMG_5114-350x263.jpg 350w, https:\/\/kath-kitas-koenigsbrunn.de\/wp-content\/uploads\/2020\/01\/IMG_5114-480x360.jpg 480w\" sizes=\"(max-width: 768px) 100vw, 768px\" \/>\t\t\t\t\t\t\t\t\t\t\t\t\t\t\t<\/div>\n\t\t\t\t<\/div>\n\t\t\t\t\t<\/div>\n\t\t<\/div>\n\t\t\t\t\t<\/div>\n\t\t<\/section>\n\t\t\t\t<\/div>","protected":false},"excerpt":{"rendered":"<p>Ihre Karriere bei der Kirchenstiftung St. Ulrich Die Kirchenstiftung St. Ulrich in K\u00f6nigsbrunn ist Tr\u00e4ger von f\u00fcnf Kindertageseinrichtungen. Als gro\u00dfer Tr\u00e4ger bieten [&hellip;]<\/p>\n","protected":false},"author":1,"featured_media":0,"parent":0,"menu_order":0,"comment_status":"closed","ping_status":"closed","template":"elementor_header_footer","meta":{"footnotes":""},"class_list":["post-2220","page","type-page","status-publish","hentry"],"yoast_head":"<!-- This site is optimized with the Yoast SEO plugin v27.3 - https:\/\/yoast.com\/product\/yoast-seo-wordpress\/ -->\n<title>Karrierem\u00f6glichkeiten - Katholische Kitas in K&ouml;nigsbrunn<\/title>\n<meta name=\"robots\" content=\"index, follow, max-snippet:-1, max-image-preview:large, max-video-preview:-1\" \/>\n<link rel=\"canonical\" href=\"https:\/\/kath-kitas-koenigsbrunn.de\/en\/karrieremoeglichkeiten\/\" \/>\n<meta property=\"og:locale\" content=\"en_US\" \/>\n<meta property=\"og:type\" content=\"article\" \/>\n<meta property=\"og:title\" content=\"Karrierem\u00f6glichkeiten - Katholische Kitas in K&ouml;nigsbrunn\" \/>\n<meta property=\"og:description\" content=\"Ihre Karriere bei der Kirchenstiftung St. Ulrich Die Kirchenstiftung St. Ulrich in K\u00f6nigsbrunn ist Tr\u00e4ger von f\u00fcnf Kindertageseinrichtungen. Als gro\u00dfer Tr\u00e4ger bieten [&hellip;]\" \/>\n<meta property=\"og:url\" content=\"https:\/\/kath-kitas-koenigsbrunn.de\/en\/karrieremoeglichkeiten\/\" \/>\n<meta property=\"og:site_name\" content=\"Katholische Kitas in K&ouml;nigsbrunn\" \/>\n<meta property=\"article:modified_time\" content=\"2022-12-28T11:29:36+00:00\" \/>\n<meta property=\"og:image\" content=\"https:\/\/kath-kitas-koenigsbrunn.de\/wp-content\/uploads\/2020\/01\/IMG_5114-768x576.jpg\" \/>\n<meta name=\"twitter:card\" content=\"summary_large_image\" \/>\n<meta name=\"twitter:label1\" content=\"Est. reading time\" \/>\n\t<meta name=\"twitter:data1\" content=\"1 minute\" \/>\n<script type=\"application\/ld+json\" class=\"yoast-schema-graph\">{\"@context\":\"https:\\\/\\\/schema.org\",\"@graph\":[{\"@type\":\"WebPage\",\"@id\":\"https:\\\/\\\/kath-kitas-koenigsbrunn.de\\\/karrieremoeglichkeiten\",\"url\":\"https:\\\/\\\/kath-kitas-koenigsbrunn.de\\\/karrieremoeglichkeiten\",\"name\":\"Karrierem\u00f6glichkeiten - Katholische Kitas in K&ouml;nigsbrunn\",\"isPartOf\":{\"@id\":\"https:\\\/\\\/kath-kitas-koenigsbrunn.de\\\/#website\"},\"primaryImageOfPage\":{\"@id\":\"https:\\\/\\\/kath-kitas-koenigsbrunn.de\\\/karrieremoeglichkeiten#primaryimage\"},\"image\":{\"@id\":\"https:\\\/\\\/kath-kitas-koenigsbrunn.de\\\/karrieremoeglichkeiten#primaryimage\"},\"thumbnailUrl\":\"https:\\\/\\\/kath-kitas-koenigsbrunn.de\\\/wp-content\\\/uploads\\\/2020\\\/01\\\/IMG_5114-768x576.jpg\",\"datePublished\":\"2020-01-24T08:31:50+00:00\",\"dateModified\":\"2022-12-28T11:29:36+00:00\",\"breadcrumb\":{\"@id\":\"https:\\\/\\\/kath-kitas-koenigsbrunn.de\\\/karrieremoeglichkeiten#breadcrumb\"},\"inLanguage\":\"en-US\",\"potentialAction\":[{\"@type\":\"ReadAction\",\"target\":[\"https:\\\/\\\/kath-kitas-koenigsbrunn.de\\\/karrieremoeglichkeiten\"]}]},{\"@type\":\"ImageObject\",\"inLanguage\":\"en-US\",\"@id\":\"https:\\\/\\\/kath-kitas-koenigsbrunn.de\\\/karrieremoeglichkeiten#primaryimage\",\"url\":\"https:\\\/\\\/kath-kitas-koenigsbrunn.de\\\/wp-content\\\/uploads\\\/2020\\\/01\\\/IMG_5114-768x576.jpg\",\"contentUrl\":\"https:\\\/\\\/kath-kitas-koenigsbrunn.de\\\/wp-content\\\/uploads\\\/2020\\\/01\\\/IMG_5114-768x576.jpg\"},{\"@type\":\"BreadcrumbList\",\"@id\":\"https:\\\/\\\/kath-kitas-koenigsbrunn.de\\\/karrieremoeglichkeiten#breadcrumb\",\"itemListElement\":[{\"@type\":\"ListItem\",\"position\":1,\"name\":\"Startseite\",\"item\":\"https:\\\/\\\/kath-kitas-koenigsbrunn.de\\\/\"},{\"@type\":\"ListItem\",\"position\":2,\"name\":\"Karrierem\u00f6glichkeiten\"}]},{\"@type\":\"WebSite\",\"@id\":\"https:\\\/\\\/kath-kitas-koenigsbrunn.de\\\/#website\",\"url\":\"https:\\\/\\\/kath-kitas-koenigsbrunn.de\\\/\",\"name\":\"Katholische Kitas in K\u00f6nigsbrunn\",\"description\":\"\",\"publisher\":{\"@id\":\"https:\\\/\\\/kath-kitas-koenigsbrunn.de\\\/#organization\"},\"potentialAction\":[{\"@type\":\"SearchAction\",\"target\":{\"@type\":\"EntryPoint\",\"urlTemplate\":\"https:\\\/\\\/kath-kitas-koenigsbrunn.de\\\/?s={search_term_string}\"},\"query-input\":{\"@type\":\"PropertyValueSpecification\",\"valueRequired\":true,\"valueName\":\"search_term_string\"}}],\"inLanguage\":\"en-US\"},{\"@type\":\"Organization\",\"@id\":\"https:\\\/\\\/kath-kitas-koenigsbrunn.de\\\/#organization\",\"name\":\"Katholische KiTas in K\u00f6nigsbrunn\",\"url\":\"https:\\\/\\\/kath-kitas-koenigsbrunn.de\\\/\",\"logo\":{\"@type\":\"ImageObject\",\"inLanguage\":\"en-US\",\"@id\":\"https:\\\/\\\/kath-kitas-koenigsbrunn.de\\\/#\\\/schema\\\/logo\\\/image\\\/\",\"url\":\"https:\\\/\\\/kath-kitas-koenigsbrunn.de\\\/wp-content\\\/uploads\\\/2019\\\/11\\\/cropped-Logo-Tr\u00e4ger-Kindergarten-1.png\",\"contentUrl\":\"https:\\\/\\\/kath-kitas-koenigsbrunn.de\\\/wp-content\\\/uploads\\\/2019\\\/11\\\/cropped-Logo-Tr\u00e4ger-Kindergarten-1.png\",\"width\":512,\"height\":512,\"caption\":\"Katholische KiTas in K\u00f6nigsbrunn\"},\"image\":{\"@id\":\"https:\\\/\\\/kath-kitas-koenigsbrunn.de\\\/#\\\/schema\\\/logo\\\/image\\\/\"}}]}<\/script>\n<!-- \/ Yoast SEO plugin. -->","yoast_head_json":{"title":"Karrierem\u00f6glichkeiten - Katholische Kitas in K&ouml;nigsbrunn","robots":{"index":"index","follow":"follow","max-snippet":"max-snippet:-1","max-image-preview":"max-image-preview:large","max-video-preview":"max-video-preview:-1"},"canonical":"https:\/\/kath-kitas-koenigsbrunn.de\/en\/karrieremoeglichkeiten\/","og_locale":"en_US","og_type":"article","og_title":"Karrierem\u00f6glichkeiten - Katholische Kitas in K&ouml;nigsbrunn","og_description":"Ihre Karriere bei der Kirchenstiftung St. Ulrich Die Kirchenstiftung St. Ulrich in K\u00f6nigsbrunn ist Tr\u00e4ger von f\u00fcnf Kindertageseinrichtungen. Als gro\u00dfer Tr\u00e4ger bieten [&hellip;]","og_url":"https:\/\/kath-kitas-koenigsbrunn.de\/en\/karrieremoeglichkeiten\/","og_site_name":"Katholische Kitas in K&ouml;nigsbrunn","article_modified_time":"2022-12-28T11:29:36+00:00","og_image":[{"url":"https:\/\/kath-kitas-koenigsbrunn.de\/wp-content\/uploads\/2020\/01\/IMG_5114-768x576.jpg","type":"","width":"","height":""}],"twitter_card":"summary_large_image","twitter_misc":{"Est. reading time":"1 minute"},"schema":{"@context":"https:\/\/schema.org","@graph":[{"@type":"WebPage","@id":"https:\/\/kath-kitas-koenigsbrunn.de\/karrieremoeglichkeiten","url":"https:\/\/kath-kitas-koenigsbrunn.de\/karrieremoeglichkeiten","name":"Karrierem\u00f6glichkeiten - Katholische Kitas in K&ouml;nigsbrunn","isPartOf":{"@id":"https:\/\/kath-kitas-koenigsbrunn.de\/#website"},"primaryImageOfPage":{"@id":"https:\/\/kath-kitas-koenigsbrunn.de\/karrieremoeglichkeiten#primaryimage"},"image":{"@id":"https:\/\/kath-kitas-koenigsbrunn.de\/karrieremoeglichkeiten#primaryimage"},"thumbnailUrl":"https:\/\/kath-kitas-koenigsbrunn.de\/wp-content\/uploads\/2020\/01\/IMG_5114-768x576.jpg","datePublished":"2020-01-24T08:31:50+00:00","dateModified":"2022-12-28T11:29:36+00:00","breadcrumb":{"@id":"https:\/\/kath-kitas-koenigsbrunn.de\/karrieremoeglichkeiten#breadcrumb"},"inLanguage":"en-US","potentialAction":[{"@type":"ReadAction","target":["https:\/\/kath-kitas-koenigsbrunn.de\/karrieremoeglichkeiten"]}]},{"@type":"ImageObject","inLanguage":"en-US","@id":"https:\/\/kath-kitas-koenigsbrunn.de\/karrieremoeglichkeiten#primaryimage","url":"https:\/\/kath-kitas-koenigsbrunn.de\/wp-content\/uploads\/2020\/01\/IMG_5114-768x576.jpg","contentUrl":"https:\/\/kath-kitas-koenigsbrunn.de\/wp-content\/uploads\/2020\/01\/IMG_5114-768x576.jpg"},{"@type":"BreadcrumbList","@id":"https:\/\/kath-kitas-koenigsbrunn.de\/karrieremoeglichkeiten#breadcrumb","itemListElement":[{"@type":"ListItem","position":1,"name":"Startseite","item":"https:\/\/kath-kitas-koenigsbrunn.de\/"},{"@type":"ListItem","position":2,"name":"Karrierem\u00f6glichkeiten"}]},{"@type":"WebSite","@id":"https:\/\/kath-kitas-koenigsbrunn.de\/#website","url":"https:\/\/kath-kitas-koenigsbrunn.de\/","name":"Catholic day-care centers in K\u00f6nigsbrunn","description":"","publisher":{"@id":"https:\/\/kath-kitas-koenigsbrunn.de\/#organization"},"potentialAction":[{"@type":"SearchAction","target":{"@type":"EntryPoint","urlTemplate":"https:\/\/kath-kitas-koenigsbrunn.de\/?s={search_term_string}"},"query-input":{"@type":"PropertyValueSpecification","valueRequired":true,"valueName":"search_term_string"}}],"inLanguage":"en-US"},{"@type":"Organization","@id":"https:\/\/kath-kitas-koenigsbrunn.de\/#organization","name":"Katholische KiTas in K\u00f6nigsbrunn","url":"https:\/\/kath-kitas-koenigsbrunn.de\/","logo":{"@type":"ImageObject","inLanguage":"en-US","@id":"https:\/\/kath-kitas-koenigsbrunn.de\/#\/schema\/logo\/image\/","url":"https:\/\/kath-kitas-koenigsbrunn.de\/wp-content\/uploads\/2019\/11\/cropped-Logo-Tr\u00e4ger-Kindergarten-1.png","contentUrl":"https:\/\/kath-kitas-koenigsbrunn.de\/wp-content\/uploads\/2019\/11\/cropped-Logo-Tr\u00e4ger-Kindergarten-1.png","width":512,"height":512,"caption":"Katholische KiTas in K\u00f6nigsbrunn"},"image":{"@id":"https:\/\/kath-kitas-koenigsbrunn.de\/#\/schema\/logo\/image\/"}}]}},"_links":{"self":[{"href":"https:\/\/kath-kitas-koenigsbrunn.de\/en\/wp-json\/wp\/v2\/pages\/2220","targetHints":{"allow":["GET"]}}],"collection":[{"href":"https:\/\/kath-kitas-koenigsbrunn.de\/en\/wp-json\/wp\/v2\/pages"}],"about":[{"href":"https:\/\/kath-kitas-koenigsbrunn.de\/en\/wp-json\/wp\/v2\/types\/page"}],"author":[{"embeddable":true,"href":"https:\/\/kath-kitas-koenigsbrunn.de\/en\/wp-json\/wp\/v2\/users\/1"}],"replies":[{"embeddable":true,"href":"https:\/\/kath-kitas-koenigsbrunn.de\/en\/wp-json\/wp\/v2\/comments?post=2220"}],"version-history":[{"count":25,"href":"https:\/\/kath-kitas-koenigsbrunn.de\/en\/wp-json\/wp\/v2\/pages\/2220\/revisions"}],"predecessor-version":[{"id":8378,"href":"https:\/\/kath-kitas-koenigsbrunn.de\/en\/wp-json\/wp\/v2\/pages\/2220\/revisions\/8378"}],"wp:attachment":[{"href":"https:\/\/kath-kitas-koenigsbrunn.de\/en\/wp-json\/wp\/v2\/media?parent=2220"}],"curies":[{"name":"wp","href":"https:\/\/api.w.org\/{rel}","templated":true}]}}