{"id":1906,"date":"2019-12-08T21:22:51","date_gmt":"2019-12-08T21:22:51","guid":{"rendered":"https:\/\/xn--katholischekitasinkni-zec.live-website.com\/?page_id=1906"},"modified":"2026-01-28T11:20:02","modified_gmt":"2026-01-28T11:20:02","slug":"anmeldungen","status":"publish","type":"page","link":"https:\/\/kath-kitas-koenigsbrunn.de\/en\/elterninfo\/anmeldungen","title":{"rendered":"Anmeldungen 2026\/27"},"content":{"rendered":"<div data-elementor-type=\"wp-page\" data-elementor-id=\"1906\" class=\"elementor elementor-1906\" data-elementor-post-type=\"page\">\n\t\t\t\t\t\t<section class=\"elementor-section elementor-top-section elementor-element elementor-element-623754b elementor-section-boxed elementor-section-height-default elementor-section-height-default\" data-id=\"623754b\" data-element_type=\"section\" data-e-type=\"section\">\n\t\t\t\t\t\t<div class=\"elementor-container elementor-column-gap-default\">\n\t\t\t\t\t<div class=\"elementor-column elementor-col-100 elementor-top-column elementor-element elementor-element-6623f09\" data-id=\"6623f09\" data-element_type=\"column\" data-e-type=\"column\">\n\t\t\t<div class=\"elementor-widget-wrap elementor-element-populated\">\n\t\t\t\t\t\t<div class=\"elementor-element elementor-element-ea5ceb8 elementor-widget elementor-widget-heading\" data-id=\"ea5ceb8\" data-element_type=\"widget\" data-e-type=\"widget\" data-widget_type=\"heading.default\">\n\t\t\t\t<div class=\"elementor-widget-container\">\n\t\t\t\t\t<h2 class=\"elementor-heading-title elementor-size-default\">Registrations<\/h2>\t\t\t\t<\/div>\n\t\t\t\t<\/div>\n\t\t\t\t\t<\/div>\n\t\t<\/div>\n\t\t\t\t\t<\/div>\n\t\t<\/section>\n\t\t\t\t<section class=\"elementor-section elementor-top-section elementor-element elementor-element-833e96c elementor-section-boxed elementor-section-height-default elementor-section-height-default\" data-id=\"833e96c\" data-element_type=\"section\" data-e-type=\"section\">\n\t\t\t\t\t\t<div class=\"elementor-container elementor-column-gap-default\">\n\t\t\t\t\t<div class=\"elementor-column elementor-col-100 elementor-top-column elementor-element elementor-element-e29e7da\" data-id=\"e29e7da\" data-element_type=\"column\" data-e-type=\"column\">\n\t\t\t<div class=\"elementor-widget-wrap\">\n\t\t\t\t\t\t\t<\/div>\n\t\t<\/div>\n\t\t\t\t\t<\/div>\n\t\t<\/section>\n\t\t\t\t<section class=\"elementor-section elementor-top-section elementor-element elementor-element-44353b3 elementor-section-boxed elementor-section-height-default elementor-section-height-default\" data-id=\"44353b3\" data-element_type=\"section\" data-e-type=\"section\">\n\t\t\t\t\t\t<div class=\"elementor-container elementor-column-gap-default\">\n\t\t\t\t\t<div class=\"elementor-column elementor-col-100 elementor-top-column elementor-element elementor-element-af1bc22\" data-id=\"af1bc22\" data-element_type=\"column\" data-e-type=\"column\">\n\t\t\t<div class=\"elementor-widget-wrap elementor-element-populated\">\n\t\t\t\t\t\t<div class=\"elementor-element elementor-element-f104061 elementor-widget elementor-widget-text-editor\" data-id=\"f104061\" data-element_type=\"widget\" data-e-type=\"widget\" data-widget_type=\"text-editor.default\">\n\t\t\t\t<div class=\"elementor-widget-container\">\n\t\t\t\t\t\t\t\t\t<div id=\"content-2781\" class=\"content sp-before-none sp-after-extra-small\"><div class=\"content-textpic\"><h2 class=\"ceHeader\">Online-Anmeldeverfahren f\u00fcr einen Kinderbetreuungsplatz f\u00fcr das Betreuungsjahr 2026\/27<\/h2><div class=\"text-wrapper\"><p class=\"lead\">Seit dem Betreuungsjahr 2024\/2025 gilt: Alle Anmeldungen f\u00fcr die K\u00f6nigsbrunner Krippen- und Kindergartenpl\u00e4tze werden\u00a0\u00fcber ein Online-Verfahren zentral gesammelt!<\/p><p><strong>Bitte beachten Sie:<\/strong><\/p><ul><li><strong>Direkt bei den Kindertagesst\u00e4tten<\/strong> k\u00f6nnen <strong>keine Anmeldungen<\/strong> mehr abgegeben werden!<br \/>\u00a0<\/li><li>Eine Anmeldung f\u00fcr das jeweilige\u00a0<strong>Krippen- und Kindergartenjahr ist\u00a0<\/strong><strong>ausschlie\u00dflich<\/strong> \u00fcber das <strong>Anmeldeverfahren des B\u00fcrgerserviceportals<\/strong> m\u00f6glich.<\/li><\/ul><h6>Hier geht es zum Anmeldeportal: <a href=\"https:\/\/www.koenigsbrunn.de\/leben-erleben\/kinder-jugendliche\/kinderbetreuung\/anmeldung-fuer-einen-kinderbetreuungsplatz\">https:\/\/www.koenigsbrunn.de\/leben-erleben\/kinder-jugendliche\/kinderbetreuung\/anmeldung-fuer-einen-kinderbetreuungsplatz<\/a><\/h6><\/div><\/div><\/div>\t\t\t\t\t\t\t\t<\/div>\n\t\t\t\t<\/div>\n\t\t\t\t\t<\/div>\n\t\t<\/div>\n\t\t\t\t\t<\/div>\n\t\t<\/section>\n\t\t\t\t<\/div>","protected":false},"excerpt":{"rendered":"<p>Anmeldungen Online-Anmeldeverfahren f\u00fcr einen Kinderbetreuungsplatz f\u00fcr das Betreuungsjahr 2026\/27 Seit dem Betreuungsjahr 2024\/2025 gilt: Alle Anmeldungen f\u00fcr die K\u00f6nigsbrunner Krippen- und Kindergartenpl\u00e4tze [&hellip;]<\/p>\n","protected":false},"author":1,"featured_media":0,"parent":1152,"menu_order":0,"comment_status":"closed","ping_status":"closed","template":"elementor_header_footer","meta":{"footnotes":""},"class_list":["post-1906","page","type-page","status-publish","hentry"],"yoast_head":"<!-- This site is optimized with the Yoast SEO plugin v27.3 - https:\/\/yoast.com\/product\/yoast-seo-wordpress\/ -->\n<title>Anmeldungen 2026\/27 - Katholische Kitas in K&ouml;nigsbrunn<\/title>\n<meta name=\"robots\" content=\"index, follow, max-snippet:-1, max-image-preview:large, max-video-preview:-1\" \/>\n<link rel=\"canonical\" href=\"https:\/\/kath-kitas-koenigsbrunn.de\/en\/elterninfo\/anmeldungen\/\" \/>\n<meta property=\"og:locale\" content=\"en_US\" \/>\n<meta property=\"og:type\" content=\"article\" \/>\n<meta property=\"og:title\" content=\"Anmeldungen 2026\/27 - Katholische Kitas in K&ouml;nigsbrunn\" \/>\n<meta property=\"og:description\" content=\"Anmeldungen Online-Anmeldeverfahren f\u00fcr einen Kinderbetreuungsplatz f\u00fcr das Betreuungsjahr 2026\/27 Seit dem Betreuungsjahr 2024\/2025 gilt: Alle Anmeldungen f\u00fcr die K\u00f6nigsbrunner Krippen- und Kindergartenpl\u00e4tze [&hellip;]\" \/>\n<meta property=\"og:url\" content=\"https:\/\/kath-kitas-koenigsbrunn.de\/en\/elterninfo\/anmeldungen\/\" \/>\n<meta property=\"og:site_name\" content=\"Katholische Kitas in K&ouml;nigsbrunn\" \/>\n<meta property=\"article:modified_time\" content=\"2026-01-28T11:20:02+00:00\" \/>\n<meta name=\"twitter:card\" content=\"summary_large_image\" \/>\n<meta name=\"twitter:label1\" content=\"Est. reading time\" \/>\n\t<meta name=\"twitter:data1\" content=\"1 minute\" \/>\n<script type=\"application\/ld+json\" class=\"yoast-schema-graph\">{\"@context\":\"https:\\\/\\\/schema.org\",\"@graph\":[{\"@type\":\"WebPage\",\"@id\":\"https:\\\/\\\/kath-kitas-koenigsbrunn.de\\\/elterninfo\\\/anmeldungen\",\"url\":\"https:\\\/\\\/kath-kitas-koenigsbrunn.de\\\/elterninfo\\\/anmeldungen\",\"name\":\"Anmeldungen 2026\\\/27 - Katholische Kitas in K&ouml;nigsbrunn\",\"isPartOf\":{\"@id\":\"https:\\\/\\\/kath-kitas-koenigsbrunn.de\\\/#website\"},\"datePublished\":\"2019-12-08T21:22:51+00:00\",\"dateModified\":\"2026-01-28T11:20:02+00:00\",\"breadcrumb\":{\"@id\":\"https:\\\/\\\/kath-kitas-koenigsbrunn.de\\\/elterninfo\\\/anmeldungen#breadcrumb\"},\"inLanguage\":\"en-US\",\"potentialAction\":[{\"@type\":\"ReadAction\",\"target\":[\"https:\\\/\\\/kath-kitas-koenigsbrunn.de\\\/elterninfo\\\/anmeldungen\"]}]},{\"@type\":\"BreadcrumbList\",\"@id\":\"https:\\\/\\\/kath-kitas-koenigsbrunn.de\\\/elterninfo\\\/anmeldungen#breadcrumb\",\"itemListElement\":[{\"@type\":\"ListItem\",\"position\":1,\"name\":\"Startseite\",\"item\":\"https:\\\/\\\/kath-kitas-koenigsbrunn.de\\\/\"},{\"@type\":\"ListItem\",\"position\":2,\"name\":\"Elterninfo\",\"item\":\"https:\\\/\\\/kath-kitas-koenigsbrunn.de\\\/elterninfo\"},{\"@type\":\"ListItem\",\"position\":3,\"name\":\"Anmeldungen 2026\\\/27\"}]},{\"@type\":\"WebSite\",\"@id\":\"https:\\\/\\\/kath-kitas-koenigsbrunn.de\\\/#website\",\"url\":\"https:\\\/\\\/kath-kitas-koenigsbrunn.de\\\/\",\"name\":\"Katholische Kitas in K\u00f6nigsbrunn\",\"description\":\"\",\"publisher\":{\"@id\":\"https:\\\/\\\/kath-kitas-koenigsbrunn.de\\\/#organization\"},\"potentialAction\":[{\"@type\":\"SearchAction\",\"target\":{\"@type\":\"EntryPoint\",\"urlTemplate\":\"https:\\\/\\\/kath-kitas-koenigsbrunn.de\\\/?s={search_term_string}\"},\"query-input\":{\"@type\":\"PropertyValueSpecification\",\"valueRequired\":true,\"valueName\":\"search_term_string\"}}],\"inLanguage\":\"en-US\"},{\"@type\":\"Organization\",\"@id\":\"https:\\\/\\\/kath-kitas-koenigsbrunn.de\\\/#organization\",\"name\":\"Katholische KiTas in K\u00f6nigsbrunn\",\"url\":\"https:\\\/\\\/kath-kitas-koenigsbrunn.de\\\/\",\"logo\":{\"@type\":\"ImageObject\",\"inLanguage\":\"en-US\",\"@id\":\"https:\\\/\\\/kath-kitas-koenigsbrunn.de\\\/#\\\/schema\\\/logo\\\/image\\\/\",\"url\":\"https:\\\/\\\/kath-kitas-koenigsbrunn.de\\\/wp-content\\\/uploads\\\/2019\\\/11\\\/cropped-Logo-Tr\u00e4ger-Kindergarten-1.png\",\"contentUrl\":\"https:\\\/\\\/kath-kitas-koenigsbrunn.de\\\/wp-content\\\/uploads\\\/2019\\\/11\\\/cropped-Logo-Tr\u00e4ger-Kindergarten-1.png\",\"width\":512,\"height\":512,\"caption\":\"Katholische KiTas in K\u00f6nigsbrunn\"},\"image\":{\"@id\":\"https:\\\/\\\/kath-kitas-koenigsbrunn.de\\\/#\\\/schema\\\/logo\\\/image\\\/\"}}]}<\/script>\n<!-- \/ Yoast SEO plugin. -->","yoast_head_json":{"title":"Anmeldungen 2026\/27 - Katholische Kitas in K&ouml;nigsbrunn","robots":{"index":"index","follow":"follow","max-snippet":"max-snippet:-1","max-image-preview":"max-image-preview:large","max-video-preview":"max-video-preview:-1"},"canonical":"https:\/\/kath-kitas-koenigsbrunn.de\/en\/elterninfo\/anmeldungen\/","og_locale":"en_US","og_type":"article","og_title":"Anmeldungen 2026\/27 - Katholische Kitas in K&ouml;nigsbrunn","og_description":"Anmeldungen Online-Anmeldeverfahren f\u00fcr einen Kinderbetreuungsplatz f\u00fcr das Betreuungsjahr 2026\/27 Seit dem Betreuungsjahr 2024\/2025 gilt: Alle Anmeldungen f\u00fcr die K\u00f6nigsbrunner Krippen- und Kindergartenpl\u00e4tze [&hellip;]","og_url":"https:\/\/kath-kitas-koenigsbrunn.de\/en\/elterninfo\/anmeldungen\/","og_site_name":"Katholische Kitas in K&ouml;nigsbrunn","article_modified_time":"2026-01-28T11:20:02+00:00","twitter_card":"summary_large_image","twitter_misc":{"Est. reading time":"1 minute"},"schema":{"@context":"https:\/\/schema.org","@graph":[{"@type":"WebPage","@id":"https:\/\/kath-kitas-koenigsbrunn.de\/elterninfo\/anmeldungen","url":"https:\/\/kath-kitas-koenigsbrunn.de\/elterninfo\/anmeldungen","name":"Anmeldungen 2026\/27 - Katholische Kitas in K&ouml;nigsbrunn","isPartOf":{"@id":"https:\/\/kath-kitas-koenigsbrunn.de\/#website"},"datePublished":"2019-12-08T21:22:51+00:00","dateModified":"2026-01-28T11:20:02+00:00","breadcrumb":{"@id":"https:\/\/kath-kitas-koenigsbrunn.de\/elterninfo\/anmeldungen#breadcrumb"},"inLanguage":"en-US","potentialAction":[{"@type":"ReadAction","target":["https:\/\/kath-kitas-koenigsbrunn.de\/elterninfo\/anmeldungen"]}]},{"@type":"BreadcrumbList","@id":"https:\/\/kath-kitas-koenigsbrunn.de\/elterninfo\/anmeldungen#breadcrumb","itemListElement":[{"@type":"ListItem","position":1,"name":"Startseite","item":"https:\/\/kath-kitas-koenigsbrunn.de\/"},{"@type":"ListItem","position":2,"name":"Elterninfo","item":"https:\/\/kath-kitas-koenigsbrunn.de\/elterninfo"},{"@type":"ListItem","position":3,"name":"Anmeldungen 2026\/27"}]},{"@type":"WebSite","@id":"https:\/\/kath-kitas-koenigsbrunn.de\/#website","url":"https:\/\/kath-kitas-koenigsbrunn.de\/","name":"Catholic day-care centers in K\u00f6nigsbrunn","description":"","publisher":{"@id":"https:\/\/kath-kitas-koenigsbrunn.de\/#organization"},"potentialAction":[{"@type":"SearchAction","target":{"@type":"EntryPoint","urlTemplate":"https:\/\/kath-kitas-koenigsbrunn.de\/?s={search_term_string}"},"query-input":{"@type":"PropertyValueSpecification","valueRequired":true,"valueName":"search_term_string"}}],"inLanguage":"en-US"},{"@type":"Organization","@id":"https:\/\/kath-kitas-koenigsbrunn.de\/#organization","name":"Katholische KiTas in K\u00f6nigsbrunn","url":"https:\/\/kath-kitas-koenigsbrunn.de\/","logo":{"@type":"ImageObject","inLanguage":"en-US","@id":"https:\/\/kath-kitas-koenigsbrunn.de\/#\/schema\/logo\/image\/","url":"https:\/\/kath-kitas-koenigsbrunn.de\/wp-content\/uploads\/2019\/11\/cropped-Logo-Tr\u00e4ger-Kindergarten-1.png","contentUrl":"https:\/\/kath-kitas-koenigsbrunn.de\/wp-content\/uploads\/2019\/11\/cropped-Logo-Tr\u00e4ger-Kindergarten-1.png","width":512,"height":512,"caption":"Katholische KiTas in K\u00f6nigsbrunn"},"image":{"@id":"https:\/\/kath-kitas-koenigsbrunn.de\/#\/schema\/logo\/image\/"}}]}},"_links":{"self":[{"href":"https:\/\/kath-kitas-koenigsbrunn.de\/en\/wp-json\/wp\/v2\/pages\/1906","targetHints":{"allow":["GET"]}}],"collection":[{"href":"https:\/\/kath-kitas-koenigsbrunn.de\/en\/wp-json\/wp\/v2\/pages"}],"about":[{"href":"https:\/\/kath-kitas-koenigsbrunn.de\/en\/wp-json\/wp\/v2\/types\/page"}],"author":[{"embeddable":true,"href":"https:\/\/kath-kitas-koenigsbrunn.de\/en\/wp-json\/wp\/v2\/users\/1"}],"replies":[{"embeddable":true,"href":"https:\/\/kath-kitas-koenigsbrunn.de\/en\/wp-json\/wp\/v2\/comments?post=1906"}],"version-history":[{"count":178,"href":"https:\/\/kath-kitas-koenigsbrunn.de\/en\/wp-json\/wp\/v2\/pages\/1906\/revisions"}],"predecessor-version":[{"id":11661,"href":"https:\/\/kath-kitas-koenigsbrunn.de\/en\/wp-json\/wp\/v2\/pages\/1906\/revisions\/11661"}],"up":[{"embeddable":true,"href":"https:\/\/kath-kitas-koenigsbrunn.de\/en\/wp-json\/wp\/v2\/pages\/1152"}],"wp:attachment":[{"href":"https:\/\/kath-kitas-koenigsbrunn.de\/en\/wp-json\/wp\/v2\/media?parent=1906"}],"curies":[{"name":"wp","href":"https:\/\/api.w.org\/{rel}","templated":true}]}}