{"id":1904,"date":"2019-12-23T18:42:05","date_gmt":"2019-12-23T18:42:05","guid":{"rendered":"https:\/\/xn--katholischekitasinkni-zec.live-website.com\/?page_id=1904"},"modified":"2026-03-26T11:36:45","modified_gmt":"2026-03-26T11:36:45","slug":"beitraege-kosten","status":"publish","type":"page","link":"https:\/\/kath-kitas-koenigsbrunn.de\/en\/elterninfo\/beitraege-kosten","title":{"rendered":"Beitr\u00e4ge &#038; Kosten"},"content":{"rendered":"<div data-elementor-type=\"wp-page\" data-elementor-id=\"1904\" class=\"elementor elementor-1904\" data-elementor-post-type=\"page\">\n\t\t\t\t\t\t<section class=\"elementor-section elementor-top-section elementor-element elementor-element-90e493f elementor-section-boxed elementor-section-height-default elementor-section-height-default\" data-id=\"90e493f\" data-element_type=\"section\" data-e-type=\"section\">\n\t\t\t\t\t\t<div class=\"elementor-container elementor-column-gap-default\">\n\t\t\t\t\t<div class=\"elementor-column elementor-col-100 elementor-top-column elementor-element elementor-element-fc78477\" data-id=\"fc78477\" data-element_type=\"column\" data-e-type=\"column\">\n\t\t\t<div class=\"elementor-widget-wrap elementor-element-populated\">\n\t\t\t\t\t\t<section class=\"elementor-section elementor-inner-section elementor-element elementor-element-d8c845c elementor-section-boxed elementor-section-height-default elementor-section-height-default\" data-id=\"d8c845c\" data-element_type=\"section\" data-e-type=\"section\">\n\t\t\t\t\t\t<div class=\"elementor-container elementor-column-gap-default\">\n\t\t\t\t\t<div class=\"elementor-column elementor-col-50 elementor-inner-column elementor-element elementor-element-ead0780\" data-id=\"ead0780\" data-element_type=\"column\" data-e-type=\"column\">\n\t\t\t<div class=\"elementor-widget-wrap elementor-element-populated\">\n\t\t\t\t\t\t<div class=\"elementor-element elementor-element-d190b48 elementor-widget elementor-widget-heading\" data-id=\"d190b48\" data-element_type=\"widget\" data-e-type=\"widget\" data-widget_type=\"heading.default\">\n\t\t\t\t<div class=\"elementor-widget-container\">\n\t\t\t\t\t<h2 class=\"elementor-heading-title elementor-size-default\">Beitrag im Kindergarten (ab 01.09.2025)<\/h2>\t\t\t\t<\/div>\n\t\t\t\t<\/div>\n\t\t\t\t<div class=\"elementor-element elementor-element-5027161 elementor-widget elementor-widget-text-editor\" data-id=\"5027161\" data-element_type=\"widget\" data-e-type=\"widget\" data-widget_type=\"text-editor.default\">\n\t\t\t\t<div class=\"elementor-widget-container\">\n\t\t\t\t\t\t\t\t\t<p>The monthly fee is staggered according to the booked daily care time:<\/p><p>3 &#8211; 4 Stunden 61 \u20ac\u00a0\u00a0\u00a0\u00a0\u00a0\u00a0\u00a0\u00a0\u00a0\u00a0\u00a0\u00a0\u00a0 <br \/>4 &#8211; 5 Stunden 73 \u20ac<br \/>5 &#8211; 6 Stunden 85 \u20ac<br \/>6 &#8211; 7 Stunden 97 \u20ac<br \/>7 &#8211; 8 Stunden 109 \u20ac<br \/>8 &#8211; 9 Stunden 121 \u20ac<br \/>\u00fcber 9 Stunden 133 \u20ac<\/p><p>Der Freistaat Bayern bezahlt f\u00fcr jedes Kind, das am 31.12. eines Jahres drei Jahre ist, ab dem September diesen Jahres einen Zuschuss von 100,- \u20ac im Monat direkt an die Einrichtungen. Dieser Zuschuss ist in den oben genannten Beitr\u00e4gen bereits ber\u00fccksichtigt. Der Beitrag wird in 12 Monatsraten jeweils zum Monatsanfang per Lastschrift eingezogen.<\/p><p>For socially disadvantaged families, the \"Wirtschaftliche Jugendhilfe\" (economic youth welfare) at the district office Augsburg may take over the contribution. Please contact us, we will be happy to help you with the application!<\/p>\t\t\t\t\t\t\t\t<\/div>\n\t\t\t\t<\/div>\n\t\t\t\t\t<\/div>\n\t\t<\/div>\n\t\t\t\t<div class=\"elementor-column elementor-col-50 elementor-inner-column elementor-element elementor-element-a6ffa73\" data-id=\"a6ffa73\" data-element_type=\"column\" data-e-type=\"column\">\n\t\t\t<div class=\"elementor-widget-wrap elementor-element-populated\">\n\t\t\t\t\t\t<div class=\"elementor-element elementor-element-8c63be3 elementor-widget elementor-widget-heading\" data-id=\"8c63be3\" data-element_type=\"widget\" data-e-type=\"widget\" data-widget_type=\"heading.default\">\n\t\t\t\t<div class=\"elementor-widget-container\">\n\t\t\t\t\t<h2 class=\"elementor-heading-title elementor-size-default\">Beitrag in der Kinderkrippe (ab 01.09.2025)<\/h2>\t\t\t\t<\/div>\n\t\t\t\t<\/div>\n\t\t\t\t<div class=\"elementor-element elementor-element-f9f96be elementor-widget elementor-widget-text-editor\" data-id=\"f9f96be\" data-element_type=\"widget\" data-e-type=\"widget\" data-widget_type=\"text-editor.default\">\n\t\t\t\t<div class=\"elementor-widget-container\">\n\t\t\t\t\t\t\t\t\t<p>The monthly fee is staggered according to the booked daily care time:<\/p><p>3 &#8211; 4 Stunden 236 \u20ac<br \/>4 &#8211; 5 Stunden 251 \u20ac<br \/>5 &#8211; 6 Stunden 266 \u20ac<br \/>6 &#8211; 7 Stunden 281 \u20ac<br \/>7 &#8211; 8 Stunden 296 \u20ac<br \/>8 &#8211; 9 Stunden 326 \u20ac<br \/>\u00fcber 9 Stunden 356 \u20ac<\/p><p>Der Beitrag wird in 12 Monatsraten jeweils am Monatsanfang per Lastschrift eingezogen. Im Beitrag ist ein Getr\u00e4nkegeld von 4,- \u20ac enthalten.<\/p><p>For cr\u00e8che children who were born in the last cr\u00e8che-year on 31.12. and are already three years old, the cost contribution is reduced by \u20ac100 per month from September. This contribution reduction is automatically taken into account and does not have to be applied for.<\/p><p><span style=\"color: #0000ff;\"><b>Attention \"Bavarian cr\u00e8che money\" from 01.01.2020<\/b><\/span> for children from the age of one who are cared for in institutions. <strong><a href=\"https:\/\/www.zbfs.bayern.de\/familie\/krippengeld\/fragen\/index.php\" target=\"_blank\" rel=\"noopener\">Here<\/a><\/strong> you can check if you are eligible.<\/p><p>The application to fill out as a PDF:\u00a0 <strong><span style=\"text-decoration: underline;\"><a href=\"https:\/\/kath-kitas-koenigsbrunn.de\/wp-content\/uploads\/2020\/01\/krippengeldantrag.pdf\">Antrag f\u00fcr Krippengeld<\/a><br \/><\/span><\/strong>The application can also be filled out directly online. <span style=\"text-decoration: underline;\"><strong><a href=\"https:\/\/www.zbfs.bayern.de\/familie\/krippengeld\/antrag\/index.php\">Hier kommen Sie zum Onlineantrag.<\/a><\/strong><\/span><strong><span style=\"text-decoration: underline;\"><br \/><\/span><\/strong><\/p><p>For fiancially disadvantaged families, the economic youth welfare service at the district office Augsburg may pay the fee. Please contact us, we are happy to help!<\/p>\t\t\t\t\t\t\t\t<\/div>\n\t\t\t\t<\/div>\n\t\t\t\t\t<\/div>\n\t\t<\/div>\n\t\t\t\t\t<\/div>\n\t\t<\/section>\n\t\t\t\t<section class=\"elementor-section elementor-inner-section elementor-element elementor-element-776a1ab elementor-section-boxed elementor-section-height-default elementor-section-height-default\" data-id=\"776a1ab\" data-element_type=\"section\" data-e-type=\"section\">\n\t\t\t\t\t\t<div class=\"elementor-container elementor-column-gap-default\">\n\t\t\t\t\t<div class=\"elementor-column elementor-col-100 elementor-inner-column elementor-element elementor-element-2de50e5\" data-id=\"2de50e5\" data-element_type=\"column\" data-e-type=\"column\">\n\t\t\t<div class=\"elementor-widget-wrap elementor-element-populated\">\n\t\t\t\t\t\t<div class=\"elementor-element elementor-element-fa2d367 elementor-widget elementor-widget-heading\" data-id=\"fa2d367\" data-element_type=\"widget\" data-e-type=\"widget\" data-widget_type=\"heading.default\">\n\t\t\t\t<div class=\"elementor-widget-container\">\n\t\t\t\t\t<h2 class=\"elementor-heading-title elementor-size-default\">Lunch catering for cr\u00e8che and kindergarten<\/h2>\t\t\t\t<\/div>\n\t\t\t\t<\/div>\n\t\t\t\t<div class=\"elementor-element elementor-element-0fb8d35 elementor-widget elementor-widget-text-editor\" data-id=\"0fb8d35\" data-element_type=\"widget\" data-e-type=\"widget\" data-widget_type=\"text-editor.default\">\n\t\t\t\t<div class=\"elementor-widget-container\">\n\t\t\t\t\t\t\t\t\t<p>F\u00fcr unser individuelles und t\u00e4glich frisch in unseren Einrichtungen gekochtes Mittagessen berechnen wir einen pauschalen Beitrag von 95 Euro pro Monat f\u00fcr das Mittagessen von Montag bis Freitag. Es k\u00f6nnen auch weniger Wochentage gebucht werden. Der pauschale Beitrag wird dann entsprechend reduziert. Sollte Ihr Kind aufgrund von Krankheit oder Urlaub l\u00e4nger (ab 15 zusammenh\u00e4ngenden \u00d6ffnungstagen) abwesend sein, werden zur Vermeidung von H\u00e4rten Beitr\u00e4ge erstattet. Im Monat August bieten wir keine Mittagsverpflegung an, deshalb wird f\u00fcr den August auch kein Beitrag f\u00fcr das Mittagessen berechnet.<\/p><p><span style=\"color: #0000ff;\"><strong>Attention: funding according to the Social Security Law, \"\u201cBildung und Teilhabe\u201d!<\/strong> <\/span>If you are entitled to social benefits in any form, like ALG II, housing benefit, child allowance, asylum seeker benefits, etc., then the social security funds will pay the contributions for the <b><a href=\"https:\/\/kath-kitas-koenigsbrunn.de\/en\/mittagsverpflegung\/\">Lunch Catering<\/a> <\/b>of your child in full. However, this subsidy must be applied for! You can download the form here: <strong><a href=\"https:\/\/kath-kitas-koenigsbrunn.de\/wp-content\/uploads\/2020\/01\/Bildung_und_Teilhabe_-_Mittagsverpflegung_2019.pdf\">Antrag Bildung und Teilhabe Mittagessen.<\/a> <\/strong>Our daycare managers are happy to help, please contact us!<\/p>\t\t\t\t\t\t\t\t<\/div>\n\t\t\t\t<\/div>\n\t\t\t\t\t<\/div>\n\t\t<\/div>\n\t\t\t\t\t<\/div>\n\t\t<\/section>\n\t\t\t\t\t<\/div>\n\t\t<\/div>\n\t\t\t\t\t<\/div>\n\t\t<\/section>\n\t\t\t\t<\/div>","protected":false},"excerpt":{"rendered":"<p>Beitrag im Kindergarten (ab 01.09.2025) Der monatliche Beitrag ist je nach gebuchter t\u00e4glicher Betreuungszeit gestaffelt: 3 &#8211; 4 Stunden 61 \u20ac\u00a0\u00a0\u00a0\u00a0\u00a0\u00a0\u00a0\u00a0\u00a0\u00a0\u00a0\u00a0\u00a0 4 [&hellip;]<\/p>\n","protected":false},"author":1,"featured_media":0,"parent":1152,"menu_order":0,"comment_status":"closed","ping_status":"closed","template":"elementor_header_footer","meta":{"footnotes":""},"class_list":["post-1904","page","type-page","status-publish","hentry"],"yoast_head":"<!-- This site is optimized with the Yoast SEO plugin v27.3 - https:\/\/yoast.com\/product\/yoast-seo-wordpress\/ -->\n<title>Beitr\u00e4ge &amp; Kosten - Katholische Kitas in K&ouml;nigsbrunn<\/title>\n<meta name=\"robots\" content=\"index, follow, max-snippet:-1, max-image-preview:large, max-video-preview:-1\" \/>\n<link rel=\"canonical\" href=\"https:\/\/kath-kitas-koenigsbrunn.de\/en\/elterninfo\/beitraege-kosten\/\" \/>\n<meta property=\"og:locale\" content=\"en_US\" \/>\n<meta property=\"og:type\" content=\"article\" \/>\n<meta property=\"og:title\" content=\"Beitr\u00e4ge &amp; Kosten - Katholische Kitas in K&ouml;nigsbrunn\" \/>\n<meta property=\"og:description\" content=\"Beitrag im Kindergarten (ab 01.09.2025) Der monatliche Beitrag ist je nach gebuchter t\u00e4glicher Betreuungszeit gestaffelt: 3 &#8211; 4 Stunden 61 \u20ac\u00a0\u00a0\u00a0\u00a0\u00a0\u00a0\u00a0\u00a0\u00a0\u00a0\u00a0\u00a0\u00a0 4 [&hellip;]\" \/>\n<meta property=\"og:url\" content=\"https:\/\/kath-kitas-koenigsbrunn.de\/en\/elterninfo\/beitraege-kosten\/\" \/>\n<meta property=\"og:site_name\" content=\"Katholische Kitas in K&ouml;nigsbrunn\" \/>\n<meta property=\"article:modified_time\" content=\"2026-03-26T11:36:45+00:00\" \/>\n<meta name=\"twitter:card\" content=\"summary_large_image\" \/>\n<meta name=\"twitter:label1\" content=\"Est. reading time\" \/>\n\t<meta name=\"twitter:data1\" content=\"3 minutes\" \/>\n<script type=\"application\/ld+json\" class=\"yoast-schema-graph\">{\"@context\":\"https:\\\/\\\/schema.org\",\"@graph\":[{\"@type\":\"WebPage\",\"@id\":\"https:\\\/\\\/kath-kitas-koenigsbrunn.de\\\/elterninfo\\\/beitraege-kosten\",\"url\":\"https:\\\/\\\/kath-kitas-koenigsbrunn.de\\\/elterninfo\\\/beitraege-kosten\",\"name\":\"Beitr\u00e4ge & Kosten - Katholische Kitas in K&ouml;nigsbrunn\",\"isPartOf\":{\"@id\":\"https:\\\/\\\/kath-kitas-koenigsbrunn.de\\\/#website\"},\"datePublished\":\"2019-12-23T18:42:05+00:00\",\"dateModified\":\"2026-03-26T11:36:45+00:00\",\"breadcrumb\":{\"@id\":\"https:\\\/\\\/kath-kitas-koenigsbrunn.de\\\/elterninfo\\\/beitraege-kosten#breadcrumb\"},\"inLanguage\":\"en-US\",\"potentialAction\":[{\"@type\":\"ReadAction\",\"target\":[\"https:\\\/\\\/kath-kitas-koenigsbrunn.de\\\/elterninfo\\\/beitraege-kosten\"]}]},{\"@type\":\"BreadcrumbList\",\"@id\":\"https:\\\/\\\/kath-kitas-koenigsbrunn.de\\\/elterninfo\\\/beitraege-kosten#breadcrumb\",\"itemListElement\":[{\"@type\":\"ListItem\",\"position\":1,\"name\":\"Startseite\",\"item\":\"https:\\\/\\\/kath-kitas-koenigsbrunn.de\\\/\"},{\"@type\":\"ListItem\",\"position\":2,\"name\":\"Elterninfo\",\"item\":\"https:\\\/\\\/kath-kitas-koenigsbrunn.de\\\/elterninfo\"},{\"@type\":\"ListItem\",\"position\":3,\"name\":\"Beitr\u00e4ge &#038; Kosten\"}]},{\"@type\":\"WebSite\",\"@id\":\"https:\\\/\\\/kath-kitas-koenigsbrunn.de\\\/#website\",\"url\":\"https:\\\/\\\/kath-kitas-koenigsbrunn.de\\\/\",\"name\":\"Katholische Kitas in K\u00f6nigsbrunn\",\"description\":\"\",\"publisher\":{\"@id\":\"https:\\\/\\\/kath-kitas-koenigsbrunn.de\\\/#organization\"},\"potentialAction\":[{\"@type\":\"SearchAction\",\"target\":{\"@type\":\"EntryPoint\",\"urlTemplate\":\"https:\\\/\\\/kath-kitas-koenigsbrunn.de\\\/?s={search_term_string}\"},\"query-input\":{\"@type\":\"PropertyValueSpecification\",\"valueRequired\":true,\"valueName\":\"search_term_string\"}}],\"inLanguage\":\"en-US\"},{\"@type\":\"Organization\",\"@id\":\"https:\\\/\\\/kath-kitas-koenigsbrunn.de\\\/#organization\",\"name\":\"Katholische KiTas in K\u00f6nigsbrunn\",\"url\":\"https:\\\/\\\/kath-kitas-koenigsbrunn.de\\\/\",\"logo\":{\"@type\":\"ImageObject\",\"inLanguage\":\"en-US\",\"@id\":\"https:\\\/\\\/kath-kitas-koenigsbrunn.de\\\/#\\\/schema\\\/logo\\\/image\\\/\",\"url\":\"https:\\\/\\\/kath-kitas-koenigsbrunn.de\\\/wp-content\\\/uploads\\\/2019\\\/11\\\/cropped-Logo-Tr\u00e4ger-Kindergarten-1.png\",\"contentUrl\":\"https:\\\/\\\/kath-kitas-koenigsbrunn.de\\\/wp-content\\\/uploads\\\/2019\\\/11\\\/cropped-Logo-Tr\u00e4ger-Kindergarten-1.png\",\"width\":512,\"height\":512,\"caption\":\"Katholische KiTas in K\u00f6nigsbrunn\"},\"image\":{\"@id\":\"https:\\\/\\\/kath-kitas-koenigsbrunn.de\\\/#\\\/schema\\\/logo\\\/image\\\/\"}}]}<\/script>\n<!-- \/ Yoast SEO plugin. -->","yoast_head_json":{"title":"Beitr\u00e4ge & Kosten - Katholische Kitas in K&ouml;nigsbrunn","robots":{"index":"index","follow":"follow","max-snippet":"max-snippet:-1","max-image-preview":"max-image-preview:large","max-video-preview":"max-video-preview:-1"},"canonical":"https:\/\/kath-kitas-koenigsbrunn.de\/en\/elterninfo\/beitraege-kosten\/","og_locale":"en_US","og_type":"article","og_title":"Beitr\u00e4ge & Kosten - Katholische Kitas in K&ouml;nigsbrunn","og_description":"Beitrag im Kindergarten (ab 01.09.2025) Der monatliche Beitrag ist je nach gebuchter t\u00e4glicher Betreuungszeit gestaffelt: 3 &#8211; 4 Stunden 61 \u20ac\u00a0\u00a0\u00a0\u00a0\u00a0\u00a0\u00a0\u00a0\u00a0\u00a0\u00a0\u00a0\u00a0 4 [&hellip;]","og_url":"https:\/\/kath-kitas-koenigsbrunn.de\/en\/elterninfo\/beitraege-kosten\/","og_site_name":"Katholische Kitas in K&ouml;nigsbrunn","article_modified_time":"2026-03-26T11:36:45+00:00","twitter_card":"summary_large_image","twitter_misc":{"Est. reading time":"3 minutes"},"schema":{"@context":"https:\/\/schema.org","@graph":[{"@type":"WebPage","@id":"https:\/\/kath-kitas-koenigsbrunn.de\/elterninfo\/beitraege-kosten","url":"https:\/\/kath-kitas-koenigsbrunn.de\/elterninfo\/beitraege-kosten","name":"Beitr\u00e4ge & Kosten - Katholische Kitas in K&ouml;nigsbrunn","isPartOf":{"@id":"https:\/\/kath-kitas-koenigsbrunn.de\/#website"},"datePublished":"2019-12-23T18:42:05+00:00","dateModified":"2026-03-26T11:36:45+00:00","breadcrumb":{"@id":"https:\/\/kath-kitas-koenigsbrunn.de\/elterninfo\/beitraege-kosten#breadcrumb"},"inLanguage":"en-US","potentialAction":[{"@type":"ReadAction","target":["https:\/\/kath-kitas-koenigsbrunn.de\/elterninfo\/beitraege-kosten"]}]},{"@type":"BreadcrumbList","@id":"https:\/\/kath-kitas-koenigsbrunn.de\/elterninfo\/beitraege-kosten#breadcrumb","itemListElement":[{"@type":"ListItem","position":1,"name":"Startseite","item":"https:\/\/kath-kitas-koenigsbrunn.de\/"},{"@type":"ListItem","position":2,"name":"Elterninfo","item":"https:\/\/kath-kitas-koenigsbrunn.de\/elterninfo"},{"@type":"ListItem","position":3,"name":"Beitr\u00e4ge &#038; Kosten"}]},{"@type":"WebSite","@id":"https:\/\/kath-kitas-koenigsbrunn.de\/#website","url":"https:\/\/kath-kitas-koenigsbrunn.de\/","name":"Catholic day-care centers in K\u00f6nigsbrunn","description":"","publisher":{"@id":"https:\/\/kath-kitas-koenigsbrunn.de\/#organization"},"potentialAction":[{"@type":"SearchAction","target":{"@type":"EntryPoint","urlTemplate":"https:\/\/kath-kitas-koenigsbrunn.de\/?s={search_term_string}"},"query-input":{"@type":"PropertyValueSpecification","valueRequired":true,"valueName":"search_term_string"}}],"inLanguage":"en-US"},{"@type":"Organization","@id":"https:\/\/kath-kitas-koenigsbrunn.de\/#organization","name":"Katholische KiTas in K\u00f6nigsbrunn","url":"https:\/\/kath-kitas-koenigsbrunn.de\/","logo":{"@type":"ImageObject","inLanguage":"en-US","@id":"https:\/\/kath-kitas-koenigsbrunn.de\/#\/schema\/logo\/image\/","url":"https:\/\/kath-kitas-koenigsbrunn.de\/wp-content\/uploads\/2019\/11\/cropped-Logo-Tr\u00e4ger-Kindergarten-1.png","contentUrl":"https:\/\/kath-kitas-koenigsbrunn.de\/wp-content\/uploads\/2019\/11\/cropped-Logo-Tr\u00e4ger-Kindergarten-1.png","width":512,"height":512,"caption":"Katholische KiTas in K\u00f6nigsbrunn"},"image":{"@id":"https:\/\/kath-kitas-koenigsbrunn.de\/#\/schema\/logo\/image\/"}}]}},"_links":{"self":[{"href":"https:\/\/kath-kitas-koenigsbrunn.de\/en\/wp-json\/wp\/v2\/pages\/1904","targetHints":{"allow":["GET"]}}],"collection":[{"href":"https:\/\/kath-kitas-koenigsbrunn.de\/en\/wp-json\/wp\/v2\/pages"}],"about":[{"href":"https:\/\/kath-kitas-koenigsbrunn.de\/en\/wp-json\/wp\/v2\/types\/page"}],"author":[{"embeddable":true,"href":"https:\/\/kath-kitas-koenigsbrunn.de\/en\/wp-json\/wp\/v2\/users\/1"}],"replies":[{"embeddable":true,"href":"https:\/\/kath-kitas-koenigsbrunn.de\/en\/wp-json\/wp\/v2\/comments?post=1904"}],"version-history":[{"count":89,"href":"https:\/\/kath-kitas-koenigsbrunn.de\/en\/wp-json\/wp\/v2\/pages\/1904\/revisions"}],"predecessor-version":[{"id":11736,"href":"https:\/\/kath-kitas-koenigsbrunn.de\/en\/wp-json\/wp\/v2\/pages\/1904\/revisions\/11736"}],"up":[{"embeddable":true,"href":"https:\/\/kath-kitas-koenigsbrunn.de\/en\/wp-json\/wp\/v2\/pages\/1152"}],"wp:attachment":[{"href":"https:\/\/kath-kitas-koenigsbrunn.de\/en\/wp-json\/wp\/v2\/media?parent=1904"}],"curies":[{"name":"wp","href":"https:\/\/api.w.org\/{rel}","templated":true}]}}