{"id":1336,"date":"2019-11-10T21:22:08","date_gmt":"2019-11-10T21:22:08","guid":{"rendered":"https:\/\/xn--katholischekitasinkni-zec.live-website.com\/?page_id=1336"},"modified":"2022-12-28T11:32:20","modified_gmt":"2022-12-28T11:32:20","slug":"impressum","status":"publish","type":"page","link":"https:\/\/kath-kitas-koenigsbrunn.de\/en\/impressum","title":{"rendered":"Impressum"},"content":{"rendered":"<div data-elementor-type=\"wp-page\" data-elementor-id=\"1336\" class=\"elementor elementor-1336\" data-elementor-post-type=\"page\">\n\t\t\t\t\t\t<section class=\"elementor-section elementor-top-section elementor-element elementor-element-d94478d elementor-section-boxed elementor-section-height-default elementor-section-height-default\" data-id=\"d94478d\" data-element_type=\"section\" data-e-type=\"section\">\n\t\t\t\t\t\t<div class=\"elementor-container elementor-column-gap-default\">\n\t\t\t\t\t<div class=\"elementor-column elementor-col-100 elementor-top-column elementor-element elementor-element-458c02d\" data-id=\"458c02d\" data-element_type=\"column\" data-e-type=\"column\">\n\t\t\t<div class=\"elementor-widget-wrap elementor-element-populated\">\n\t\t\t\t\t\t<section class=\"elementor-section elementor-inner-section elementor-element elementor-element-97c1e5c elementor-section-boxed elementor-section-height-default elementor-section-height-default\" data-id=\"97c1e5c\" data-element_type=\"section\" data-e-type=\"section\">\n\t\t\t\t\t\t<div class=\"elementor-container elementor-column-gap-default\">\n\t\t\t\t\t<div class=\"elementor-column elementor-col-100 elementor-inner-column elementor-element elementor-element-c0992c9\" data-id=\"c0992c9\" data-element_type=\"column\" data-e-type=\"column\">\n\t\t\t<div class=\"elementor-widget-wrap elementor-element-populated\">\n\t\t\t\t\t\t<div class=\"elementor-element elementor-element-bd19de0 elementor-widget elementor-widget-heading\" data-id=\"bd19de0\" data-element_type=\"widget\" data-e-type=\"widget\" data-widget_type=\"heading.default\">\n\t\t\t\t<div class=\"elementor-widget-container\">\n\t\t\t\t\t<h2 class=\"elementor-heading-title elementor-size-default\">Impressum gem. \u00a7 5 Telemediengesetz<\/h2>\t\t\t\t<\/div>\n\t\t\t\t<\/div>\n\t\t\t\t<div class=\"elementor-element elementor-element-8101205 elementor-widget elementor-widget-text-editor\" data-id=\"8101205\" data-element_type=\"widget\" data-e-type=\"widget\" data-widget_type=\"text-editor.default\">\n\t\t\t\t<div class=\"elementor-widget-container\">\n\t\t\t\t\t\t\t\t\t<div id=\"matrix_1026956802\" class=\"sortable-matrix\" data-matrixid=\"1026956802\">\n<div class=\"n module-type-text diyfeLiveArea\">\n<div class=\"n\">\n<ol>\n<li><strong><u> Impressum<\/u><\/strong><\/li>\n<\/ol>\n<p><strong>Impressum<\/strong><\/p>\n<p>Verantwortlich f\u00fcr dieses Angebot gem\u00e4\u00df \u00a7 5 TMG:<\/p>\n<p>Die katholische <strong>Pfarreiengemeinschaft K\u00f6nigsbrunn <\/strong>ist ein nicht-rechtsf\u00e4higer Verein bestehend aus:<\/p>\n<p>Katholische Pfarrkirchenstiftung <strong>\u201eSt. Ulrich\u201c<\/strong>, 86343 K\u00f6nigsbrunn<\/p>\n<p>Katholische Pfarrkirchenstiftung <strong>\u201eMaria unterm Kreuz\u201c<\/strong>, 86343 K\u00f6nigsbrunn<\/p>\n<p>Katholische Pfarrkirchenstiftung <strong>\u201eZur G\u00f6ttlichen Vorsehung\u201c<\/strong>, 86343 K\u00f6nigsbrunn<\/p>\n<p><\/p>\n<p>Die aufgef\u00fchrten Verantwortlichen sind je K\u00f6rperschaften des \u00f6ffentlichen Rechts. Sie werden vertreten durch den Vorstand der Kirchenverwaltungen, <strong>Herrn Pfarrer Bernd Leumann<\/strong>.<\/p>\n<p><strong>&nbsp;<\/strong><\/p>\n<p><strong>Kontaktdaten:<\/strong><\/p>\n<p>Zentrales Pfarrb\u00fcro der Katholischen Pfarreiengemeinschaft K\u00f6nigsbrunn<br>Ulrichsplatz 3<\/p>\n<p>86343 K\u00f6nigsbrunn<\/p>\n<p>Telefon:&nbsp;&nbsp;&nbsp;&nbsp;&nbsp;&nbsp;&nbsp;&nbsp;&nbsp;&nbsp; 08231\/9651-0<\/p>\n<p>Telefax:&nbsp;&nbsp;&nbsp;&nbsp;&nbsp;&nbsp;&nbsp;&nbsp;&nbsp;&nbsp; 08231\/9651-51<\/p>\n<p>E-Mail:&nbsp;&nbsp;&nbsp;&nbsp;&nbsp;&nbsp;&nbsp;&nbsp;&nbsp;&nbsp;&nbsp; <a href=\"mailto:pg.koenigsbrunn@bistum-augsburg.de\">pg.koenigsbrunn@bistum-augsburg.de<\/a><\/p>\n<p><strong>&nbsp;<\/strong><\/p>\n<p><strong>Inhaltlich verantwortlich gem\u00e4\u00df \u00a7 55 Absatz 2 RStV:<\/strong><\/p>\n<p><strong>Bernd Leumann<\/strong><\/p>\n<p><strong>Ulrichsplatz 3<\/strong><\/p>\n<p><strong>86343 K\u00f6nigsbrunn<\/strong><\/p>\n<p>Telefon:&nbsp;&nbsp;&nbsp;&nbsp;&nbsp;&nbsp;&nbsp;&nbsp;&nbsp;&nbsp; 08231\/9651-0<\/p>\n<p>Telefax:&nbsp;&nbsp;&nbsp;&nbsp;&nbsp;&nbsp;&nbsp;&nbsp;&nbsp;&nbsp; 08231\/9651-51<\/p>\n<p>E-Mail:&nbsp;&nbsp;&nbsp;&nbsp;&nbsp;&nbsp;&nbsp;&nbsp;&nbsp;&nbsp;&nbsp; <a href=\"mailto:pg.koenigsbrunn@bistum-augsburg.de\">pg.koenigsbrunn@bistum-augsburg.de<\/a><\/p>\n<p><strong>&nbsp;<\/strong><\/p>\n<p><strong>Technische Koordination\/Umsetzung<\/strong><\/p>\n<p>Patrick K\u00f6hler<\/p>\n<p>(Kontakt \u00fcber das zentrale Pfarrb\u00fcro)<\/p>\n<p>F\u00fcr die Inhalte der einzelnen Gruppen und Bereiche unserer Pfarrei zeichnen intern die jeweiligen Gruppenleiter verantwortlich.<\/p>\n<p><\/p>\n<p><strong>Zust\u00e4ndige kirchliche Stiftungsaufsichtsbeh\u00f6rde:<\/strong><\/p>\n<p>Di\u00f6zese Augsburg<br>Bisch\u00f6fliche Finanzkammer<br>Fronhof 4<br>86152 Augsburg<\/p>\n<p>Telefon:&nbsp;&nbsp;&nbsp;&nbsp;&nbsp;&nbsp;&nbsp;&nbsp;&nbsp;&nbsp; 0821 3166-0<br>E-Mail:&nbsp;&nbsp;&nbsp;&nbsp;&nbsp;&nbsp;&nbsp;&nbsp;&nbsp;&nbsp;&nbsp; <a href=\"mailto:info@bistum-augsburg.de\">info@bistum-augsburg.de<\/a><\/p>\n<p><\/p>\n<p><strong>Hinweis zur Problematik von externen Links:<\/strong><\/p>\n<p>Die aufgef\u00fchrten Kath. Pfarrkirchenstiftungen sind als Inhaltsanbieter nach \u00a7 7 Abs.1 Telemediengesetz f\u00fcr die \u201ceigenen Inhalte\u201d, die er zur Nutzung bereith\u00e4lt, nach den allgemeinen Gesetzen verantwortlich. Von diesen eigenen Inhalten sind Querverweise (\u201cLinks\u201d) auf die von anderen Anbietern bereitgehaltenen Inhalte zu unterscheiden. Durch den Querverweis halten die aufgef\u00fchrten Kath. Pfarrkirchenstiftungen insofern \u201cfremde Inhalte\u201d zur Nutzung bereit, die in dieser Weise gekennzeichnet sind:<\/p>\n<p>Bei \u201cLinks\u201d handelt es sich stets um \u201clebende\u201d (dynamische) Verweisungen. Die aufgef\u00fchrten Kath. Pfarrkirchenstiftungen haben bei der erstmaligen Verkn\u00fcpfung zwar den fremden Inhalt daraufhin \u00fcberpr\u00fcft, ob durch ihn eine m\u00f6gliche zivilrechtliche oder strafrechtliche Verantwortlichkeit ausgel\u00f6st wird. Sie \u00fcberpr\u00fcfen aber die Inhalte, auf die sie in ihrem Angebot verweisen, nicht st\u00e4ndig auf Ver\u00e4nderungen, die eine Verantwortlichkeit neu begr\u00fcnden k\u00f6nnten. Wenn sie feststellen oder von anderen darauf hingewiesen wird, dass ein konkretes Angebot, zu dem sie einen Link bereitgestellt haben, eine zivil- oder strafrechtliche Verantwortlichkeit ausl\u00f6st, werden sie den Verweis auf dieses Angebot aufheben.<\/p>\n<p><\/p>\n<p><strong>Urheberrecht:<\/strong><\/p>\n<p>S\u00e4mtliche auf www.s804866398.online.de ver\u00f6ffentlichten Inhalte sind urheberrechtlich oder durch sonstige Rechte gesch\u00fctzt. Die Nutzungsrechte stehen den aufgef\u00fchrten Kath. Pfarrkirchenstiftungen, den Gruppen, Organisationen und Initiativen in den Pfarreien oder ihren Lizenzgebern zu. Ohne vorherige schriftliche Genehmigung sind Nutzungen der Inhalte insgesamt oder in Teilen unzul\u00e4ssig. Die Genehmigung der Nutzung kann bei den Rechteinhabern erbeten werden. Eine Genehmigung reicht nur so weit, wie den Kath. Pfarrkirchenstiftungen, ihren Gruppen, Organisationen und Initiativen Rechte \u00fcbertragen wurden.<\/p>\n<p><\/p>\n<p><strong>Datenschutz:<\/strong><\/p>\n<p><a href=\"https:\/\/s804866398.online.de\/wp-content\/uploads\/2020\/10\/KDG_05_2018.pdf\">Datenschutzbestimmungen (pdf \/ 203,12 kB)<\/a> <\/p>\n<p><u>Betriebliche Datenschutzbeauftragte:<\/u><\/p>\n<p>Di\u00f6zese Augsburg<br>Fachbereich Datenschutz<br>Fronhof 4<br>86152 Augsburg<\/p>\n<p>Telefon:&nbsp;&nbsp;&nbsp;&nbsp;&nbsp;&nbsp;&nbsp;&nbsp;&nbsp;&nbsp; 0821 \/ 3166 \u2013 8383<br>E-Mail:&nbsp;&nbsp;&nbsp;&nbsp;&nbsp;&nbsp;&nbsp;&nbsp;&nbsp;&nbsp;&nbsp; datenschutz@bistum-augsburg.de<\/p>\n<p><u>Datenschutzbeauftragter der Bayer. (Erz-)Di\u00f6zesen (Datenschutzaufsicht):<\/u><\/p>\n<p>Herr Jupp Joachimski<br>Kapellenstra\u00dfe 4<br>80333 M\u00fcnchen<\/p>\n<p>Telefon:&nbsp;&nbsp;&nbsp;&nbsp;&nbsp;&nbsp;&nbsp;&nbsp;&nbsp;&nbsp; 089\/2137-1796<br>Telefax:&nbsp;&nbsp;&nbsp;&nbsp;&nbsp;&nbsp;&nbsp;&nbsp;&nbsp;&nbsp; 089\/2137-1585<br>E-Mail:&nbsp;&nbsp;&nbsp;&nbsp;&nbsp;&nbsp;&nbsp;&nbsp;&nbsp;&nbsp;&nbsp; <a href=\"mailto:jjoachimski@eomuc.de\">jjoachimski@eomuc.de<\/a><\/p>\n<p><\/p>\n<p><strong>Haftungsausschluss f\u00fcr unberechtigt geltend gemachte Kosten:<\/strong><\/p>\n<p>Wir sind um die urheberrechtliche Richtigkeit unserer Internetseiten bem\u00fcht und greifen nur auf selbst erstellte Inhalte sowie auf lizenzierte und lizenzfreie Werke zur\u00fcck. Sollten dennoch Inhalte oder Aufmachung der Internetseite Rechte Dritter oder gesetzliche Vorschriften verletzen, bitten wir um umgehende Mitteilung an den im Impressum genannten Verantwortlichen. Bei Bekanntwerden von Rechtsverletzungen werden wir<\/p>\n<\/div>\n<\/div>\n<\/div>\t\t\t\t\t\t\t\t<\/div>\n\t\t\t\t<\/div>\n\t\t\t\t\t<\/div>\n\t\t<\/div>\n\t\t\t\t\t<\/div>\n\t\t<\/section>\n\t\t\t\t\t<\/div>\n\t\t<\/div>\n\t\t\t\t\t<\/div>\n\t\t<\/section>\n\t\t\t\t<\/div>","protected":false},"excerpt":{"rendered":"<p>Impressum gem. \u00a7 5 Telemediengesetz Impressum Impressum Verantwortlich f\u00fcr dieses Angebot gem\u00e4\u00df \u00a7 5 TMG: Die katholische Pfarreiengemeinschaft K\u00f6nigsbrunn ist ein nicht-rechtsf\u00e4higer [&hellip;]<\/p>\n","protected":false},"author":1,"featured_media":0,"parent":0,"menu_order":0,"comment_status":"closed","ping_status":"closed","template":"elementor_header_footer","meta":{"footnotes":""},"class_list":["post-1336","page","type-page","status-publish","hentry"],"yoast_head":"<!-- This site is optimized with the Yoast SEO plugin v27.3 - https:\/\/yoast.com\/product\/yoast-seo-wordpress\/ -->\n<title>Impressum - Katholische Kitas in K&ouml;nigsbrunn<\/title>\n<meta name=\"robots\" content=\"index, follow, max-snippet:-1, max-image-preview:large, max-video-preview:-1\" \/>\n<link rel=\"canonical\" href=\"https:\/\/kath-kitas-koenigsbrunn.de\/en\/impressum\/\" \/>\n<meta property=\"og:locale\" content=\"en_US\" \/>\n<meta property=\"og:type\" content=\"article\" \/>\n<meta property=\"og:title\" content=\"Impressum - Katholische Kitas in K&ouml;nigsbrunn\" \/>\n<meta property=\"og:description\" content=\"Impressum gem. \u00a7 5 Telemediengesetz Impressum Impressum Verantwortlich f\u00fcr dieses Angebot gem\u00e4\u00df \u00a7 5 TMG: Die katholische Pfarreiengemeinschaft K\u00f6nigsbrunn ist ein nicht-rechtsf\u00e4higer [&hellip;]\" \/>\n<meta property=\"og:url\" content=\"https:\/\/kath-kitas-koenigsbrunn.de\/en\/impressum\/\" \/>\n<meta property=\"og:site_name\" content=\"Katholische Kitas in K&ouml;nigsbrunn\" \/>\n<meta property=\"article:modified_time\" content=\"2022-12-28T11:32:20+00:00\" \/>\n<meta name=\"twitter:card\" content=\"summary_large_image\" \/>\n<meta name=\"twitter:label1\" content=\"Est. reading time\" \/>\n\t<meta name=\"twitter:data1\" content=\"3 minutes\" \/>\n<script type=\"application\/ld+json\" class=\"yoast-schema-graph\">{\"@context\":\"https:\\\/\\\/schema.org\",\"@graph\":[{\"@type\":\"WebPage\",\"@id\":\"https:\\\/\\\/kath-kitas-koenigsbrunn.de\\\/impressum\",\"url\":\"https:\\\/\\\/kath-kitas-koenigsbrunn.de\\\/impressum\",\"name\":\"Impressum - Katholische Kitas in K&ouml;nigsbrunn\",\"isPartOf\":{\"@id\":\"https:\\\/\\\/kath-kitas-koenigsbrunn.de\\\/#website\"},\"datePublished\":\"2019-11-10T21:22:08+00:00\",\"dateModified\":\"2022-12-28T11:32:20+00:00\",\"breadcrumb\":{\"@id\":\"https:\\\/\\\/kath-kitas-koenigsbrunn.de\\\/impressum#breadcrumb\"},\"inLanguage\":\"en-US\",\"potentialAction\":[{\"@type\":\"ReadAction\",\"target\":[\"https:\\\/\\\/kath-kitas-koenigsbrunn.de\\\/impressum\"]}]},{\"@type\":\"BreadcrumbList\",\"@id\":\"https:\\\/\\\/kath-kitas-koenigsbrunn.de\\\/impressum#breadcrumb\",\"itemListElement\":[{\"@type\":\"ListItem\",\"position\":1,\"name\":\"Startseite\",\"item\":\"https:\\\/\\\/kath-kitas-koenigsbrunn.de\\\/\"},{\"@type\":\"ListItem\",\"position\":2,\"name\":\"Impressum\"}]},{\"@type\":\"WebSite\",\"@id\":\"https:\\\/\\\/kath-kitas-koenigsbrunn.de\\\/#website\",\"url\":\"https:\\\/\\\/kath-kitas-koenigsbrunn.de\\\/\",\"name\":\"Katholische Kitas in K\u00f6nigsbrunn\",\"description\":\"\",\"publisher\":{\"@id\":\"https:\\\/\\\/kath-kitas-koenigsbrunn.de\\\/#organization\"},\"potentialAction\":[{\"@type\":\"SearchAction\",\"target\":{\"@type\":\"EntryPoint\",\"urlTemplate\":\"https:\\\/\\\/kath-kitas-koenigsbrunn.de\\\/?s={search_term_string}\"},\"query-input\":{\"@type\":\"PropertyValueSpecification\",\"valueRequired\":true,\"valueName\":\"search_term_string\"}}],\"inLanguage\":\"en-US\"},{\"@type\":\"Organization\",\"@id\":\"https:\\\/\\\/kath-kitas-koenigsbrunn.de\\\/#organization\",\"name\":\"Katholische KiTas in K\u00f6nigsbrunn\",\"url\":\"https:\\\/\\\/kath-kitas-koenigsbrunn.de\\\/\",\"logo\":{\"@type\":\"ImageObject\",\"inLanguage\":\"en-US\",\"@id\":\"https:\\\/\\\/kath-kitas-koenigsbrunn.de\\\/#\\\/schema\\\/logo\\\/image\\\/\",\"url\":\"https:\\\/\\\/kath-kitas-koenigsbrunn.de\\\/wp-content\\\/uploads\\\/2019\\\/11\\\/cropped-Logo-Tr\u00e4ger-Kindergarten-1.png\",\"contentUrl\":\"https:\\\/\\\/kath-kitas-koenigsbrunn.de\\\/wp-content\\\/uploads\\\/2019\\\/11\\\/cropped-Logo-Tr\u00e4ger-Kindergarten-1.png\",\"width\":512,\"height\":512,\"caption\":\"Katholische KiTas in K\u00f6nigsbrunn\"},\"image\":{\"@id\":\"https:\\\/\\\/kath-kitas-koenigsbrunn.de\\\/#\\\/schema\\\/logo\\\/image\\\/\"}}]}<\/script>\n<!-- \/ Yoast SEO plugin. -->","yoast_head_json":{"title":"Impressum - Katholische Kitas in K&ouml;nigsbrunn","robots":{"index":"index","follow":"follow","max-snippet":"max-snippet:-1","max-image-preview":"max-image-preview:large","max-video-preview":"max-video-preview:-1"},"canonical":"https:\/\/kath-kitas-koenigsbrunn.de\/en\/impressum\/","og_locale":"en_US","og_type":"article","og_title":"Impressum - Katholische Kitas in K&ouml;nigsbrunn","og_description":"Impressum gem. \u00a7 5 Telemediengesetz Impressum Impressum Verantwortlich f\u00fcr dieses Angebot gem\u00e4\u00df \u00a7 5 TMG: Die katholische Pfarreiengemeinschaft K\u00f6nigsbrunn ist ein nicht-rechtsf\u00e4higer [&hellip;]","og_url":"https:\/\/kath-kitas-koenigsbrunn.de\/en\/impressum\/","og_site_name":"Katholische Kitas in K&ouml;nigsbrunn","article_modified_time":"2022-12-28T11:32:20+00:00","twitter_card":"summary_large_image","twitter_misc":{"Est. reading time":"3 minutes"},"schema":{"@context":"https:\/\/schema.org","@graph":[{"@type":"WebPage","@id":"https:\/\/kath-kitas-koenigsbrunn.de\/impressum","url":"https:\/\/kath-kitas-koenigsbrunn.de\/impressum","name":"Impressum - Katholische Kitas in K&ouml;nigsbrunn","isPartOf":{"@id":"https:\/\/kath-kitas-koenigsbrunn.de\/#website"},"datePublished":"2019-11-10T21:22:08+00:00","dateModified":"2022-12-28T11:32:20+00:00","breadcrumb":{"@id":"https:\/\/kath-kitas-koenigsbrunn.de\/impressum#breadcrumb"},"inLanguage":"en-US","potentialAction":[{"@type":"ReadAction","target":["https:\/\/kath-kitas-koenigsbrunn.de\/impressum"]}]},{"@type":"BreadcrumbList","@id":"https:\/\/kath-kitas-koenigsbrunn.de\/impressum#breadcrumb","itemListElement":[{"@type":"ListItem","position":1,"name":"Startseite","item":"https:\/\/kath-kitas-koenigsbrunn.de\/"},{"@type":"ListItem","position":2,"name":"Impressum"}]},{"@type":"WebSite","@id":"https:\/\/kath-kitas-koenigsbrunn.de\/#website","url":"https:\/\/kath-kitas-koenigsbrunn.de\/","name":"Catholic day-care centers in K\u00f6nigsbrunn","description":"","publisher":{"@id":"https:\/\/kath-kitas-koenigsbrunn.de\/#organization"},"potentialAction":[{"@type":"SearchAction","target":{"@type":"EntryPoint","urlTemplate":"https:\/\/kath-kitas-koenigsbrunn.de\/?s={search_term_string}"},"query-input":{"@type":"PropertyValueSpecification","valueRequired":true,"valueName":"search_term_string"}}],"inLanguage":"en-US"},{"@type":"Organization","@id":"https:\/\/kath-kitas-koenigsbrunn.de\/#organization","name":"Katholische KiTas in K\u00f6nigsbrunn","url":"https:\/\/kath-kitas-koenigsbrunn.de\/","logo":{"@type":"ImageObject","inLanguage":"en-US","@id":"https:\/\/kath-kitas-koenigsbrunn.de\/#\/schema\/logo\/image\/","url":"https:\/\/kath-kitas-koenigsbrunn.de\/wp-content\/uploads\/2019\/11\/cropped-Logo-Tr\u00e4ger-Kindergarten-1.png","contentUrl":"https:\/\/kath-kitas-koenigsbrunn.de\/wp-content\/uploads\/2019\/11\/cropped-Logo-Tr\u00e4ger-Kindergarten-1.png","width":512,"height":512,"caption":"Katholische KiTas in K\u00f6nigsbrunn"},"image":{"@id":"https:\/\/kath-kitas-koenigsbrunn.de\/#\/schema\/logo\/image\/"}}]}},"_links":{"self":[{"href":"https:\/\/kath-kitas-koenigsbrunn.de\/en\/wp-json\/wp\/v2\/pages\/1336","targetHints":{"allow":["GET"]}}],"collection":[{"href":"https:\/\/kath-kitas-koenigsbrunn.de\/en\/wp-json\/wp\/v2\/pages"}],"about":[{"href":"https:\/\/kath-kitas-koenigsbrunn.de\/en\/wp-json\/wp\/v2\/types\/page"}],"author":[{"embeddable":true,"href":"https:\/\/kath-kitas-koenigsbrunn.de\/en\/wp-json\/wp\/v2\/users\/1"}],"replies":[{"embeddable":true,"href":"https:\/\/kath-kitas-koenigsbrunn.de\/en\/wp-json\/wp\/v2\/comments?post=1336"}],"version-history":[{"count":8,"href":"https:\/\/kath-kitas-koenigsbrunn.de\/en\/wp-json\/wp\/v2\/pages\/1336\/revisions"}],"predecessor-version":[{"id":8381,"href":"https:\/\/kath-kitas-koenigsbrunn.de\/en\/wp-json\/wp\/v2\/pages\/1336\/revisions\/8381"}],"wp:attachment":[{"href":"https:\/\/kath-kitas-koenigsbrunn.de\/en\/wp-json\/wp\/v2\/media?parent=1336"}],"curies":[{"name":"wp","href":"https:\/\/api.w.org\/{rel}","templated":true}]}}